{"id":2691,"date":"2021-11-03T15:37:52","date_gmt":"2021-11-03T14:37:52","guid":{"rendered":"https:\/\/www.coeurlozere.com\/les-fleurs\/?post_type=product&#038;p=2691"},"modified":"2021-11-03T15:39:48","modified_gmt":"2021-11-03T14:39:48","slug":"bouquet-nuage","status":"publish","type":"product","link":"https:\/\/www.coeurlozere.com\/les-fleurs\/produit\/bouquet-nuage\/","title":{"rendered":"Bouquet Nuage"},"content":{"rendered":"","protected":false},"excerpt":{"rendered":"<p style=\"text-align: justify;\">D\u00e9finissant le mieux la puret\u00e9 et la l\u00e9geret\u00e9, le bouquet de roses blanches vous apportera l&rsquo;\u00e9l\u00e9gance et le rafinnement. Le feuillage l&rsquo;accompagant apportera une l\u00e9g\u00e8re touche de douceur<\/p>\n<p><strong>Composition :<\/strong> Roses Centrale + Gypso<\/p>\n<p class=\"info_taille\">*La taille classique correspond \u00e0 la photo pr\u00e9sent\u00e9e.<\/p>\n","protected":false},"featured_media":2698,"template":"","meta":[],"product_brand":[],"product_cat":[79],"product_tag":[],"class_list":{"0":"post-2691","1":"product","2":"type-product","3":"status-publish","4":"has-post-thumbnail","6":"product_cat-bouquets","8":"first","9":"instock","10":"taxable","11":"shipping-taxable","12":"purchasable","13":"product-type-variable","14":"has-default-attributes"},"_links":{"self":[{"href":"https:\/\/www.coeurlozere.com\/les-fleurs\/wp-json\/wp\/v2\/product\/2691","targetHints":{"allow":["GET"]}}],"collection":[{"href":"https:\/\/www.coeurlozere.com\/les-fleurs\/wp-json\/wp\/v2\/product"}],"about":[{"href":"https:\/\/www.coeurlozere.com\/les-fleurs\/wp-json\/wp\/v2\/types\/product"}],"wp:featuredmedia":[{"embeddable":true,"href":"https:\/\/www.coeurlozere.com\/les-fleurs\/wp-json\/wp\/v2\/media\/2698"}],"wp:attachment":[{"href":"https:\/\/www.coeurlozere.com\/les-fleurs\/wp-json\/wp\/v2\/media?parent=2691"}],"wp:term":[{"taxonomy":"product_brand","embeddable":true,"href":"https:\/\/www.coeurlozere.com\/les-fleurs\/wp-json\/wp\/v2\/product_brand?post=2691"},{"taxonomy":"product_cat","embeddable":true,"href":"https:\/\/www.coeurlozere.com\/les-fleurs\/wp-json\/wp\/v2\/product_cat?post=2691"},{"taxonomy":"product_tag","embeddable":true,"href":"https:\/\/www.coeurlozere.com\/les-fleurs\/wp-json\/wp\/v2\/product_tag?post=2691"}],"curies":[{"name":"wp","href":"https:\/\/api.w.org\/{rel}","templated":true}]}}