{"id":2754,"date":"2021-11-03T16:42:17","date_gmt":"2021-11-03T15:42:17","guid":{"rendered":"https:\/\/www.coeurlozere.com\/les-fleurs\/?post_type=product&#038;p=2754"},"modified":"2021-11-03T16:44:02","modified_gmt":"2021-11-03T15:44:02","slug":"bouquet-purete","status":"publish","type":"product","link":"https:\/\/www.coeurlozere.com\/les-fleurs\/produit\/bouquet-purete\/","title":{"rendered":"Bouquet Pur\u00eat\u00e9"},"content":{"rendered":"","protected":false},"excerpt":{"rendered":"<p style=\"text-align: justify;\">Somptueux bouquet de roses blanches : un symbole intemporel de puret\u00e9 et de sinc\u00e9rit\u00e9. Offrez cet \u00e9l\u00e9gant bouquet de roses blanches pour c\u00e9l\u00e9brer un bel \u00e9v\u00e9nement ou pour transmettre vos plus beaux sentiments et \u00e9motions&#8230;<\/p>\n<p><strong>Composition : <\/strong>: Roses Blanches.<\/p>\n<p class=\"info_taille\">*La taille classique correspond \u00e0 la photo pr\u00e9sent\u00e9e.<\/p>\n","protected":false},"featured_media":2762,"template":"","meta":[],"product_brand":[],"product_cat":[79],"product_tag":[],"class_list":{"0":"post-2754","1":"product","2":"type-product","3":"status-publish","4":"has-post-thumbnail","6":"product_cat-bouquets","8":"first","9":"instock","10":"taxable","11":"shipping-taxable","12":"purchasable","13":"product-type-variable","14":"has-default-attributes"},"_links":{"self":[{"href":"https:\/\/www.coeurlozere.com\/les-fleurs\/wp-json\/wp\/v2\/product\/2754","targetHints":{"allow":["GET"]}}],"collection":[{"href":"https:\/\/www.coeurlozere.com\/les-fleurs\/wp-json\/wp\/v2\/product"}],"about":[{"href":"https:\/\/www.coeurlozere.com\/les-fleurs\/wp-json\/wp\/v2\/types\/product"}],"wp:featuredmedia":[{"embeddable":true,"href":"https:\/\/www.coeurlozere.com\/les-fleurs\/wp-json\/wp\/v2\/media\/2762"}],"wp:attachment":[{"href":"https:\/\/www.coeurlozere.com\/les-fleurs\/wp-json\/wp\/v2\/media?parent=2754"}],"wp:term":[{"taxonomy":"product_brand","embeddable":true,"href":"https:\/\/www.coeurlozere.com\/les-fleurs\/wp-json\/wp\/v2\/product_brand?post=2754"},{"taxonomy":"product_cat","embeddable":true,"href":"https:\/\/www.coeurlozere.com\/les-fleurs\/wp-json\/wp\/v2\/product_cat?post=2754"},{"taxonomy":"product_tag","embeddable":true,"href":"https:\/\/www.coeurlozere.com\/les-fleurs\/wp-json\/wp\/v2\/product_tag?post=2754"}],"curies":[{"name":"wp","href":"https:\/\/api.w.org\/{rel}","templated":true}]}}