{"id":2789,"date":"2021-11-04T09:26:07","date_gmt":"2021-11-04T08:26:07","guid":{"rendered":"https:\/\/www.coeurlozere.com\/les-fleurs\/?post_type=product&#038;p=2789"},"modified":"2023-11-07T02:36:11","modified_gmt":"2023-11-07T01:36:11","slug":"composition-amour","status":"publish","type":"product","link":"https:\/\/www.coeurlozere.com\/les-fleurs\/produit\/composition-amour\/","title":{"rendered":"Composition Amour"},"content":{"rendered":"","protected":false},"excerpt":{"rendered":"<p style=\"text-align: justify;\">Un joli c\u0153ur de fleurs \u00e0 disposer sur une table d&rsquo;amoureux : le must du cadeau fleuri pour d\u00e9clarer son amour !<br \/>\nCet arrangement raffin\u00e9 est compos\u00e9 de belles roses rouges, de fleurs et de baies de saison, soulign\u00e9s par de d\u00e9licats feuillages.<br \/>\nLa composition florale est termin\u00e9e par un \u00e9l\u00e9gant travail v\u00e9g\u00e9tal en forme de c\u0153ur.<\/p>\n<p><strong>Composition : <\/strong>Rose rouge, Hypericum, santinis vert.<\/p>\n<p class=\"info_taille\">*La taille classique moyenne \u00e0 la photo pr\u00e9sent\u00e9e.<\/p>\n","protected":false},"featured_media":2793,"template":"","meta":[],"product_brand":[],"product_cat":[75],"product_tag":[],"class_list":{"0":"post-2789","1":"product","2":"type-product","3":"status-publish","4":"has-post-thumbnail","6":"product_cat-compositions","8":"first","9":"instock","10":"taxable","11":"shipping-taxable","12":"purchasable","13":"product-type-simple"},"_links":{"self":[{"href":"https:\/\/www.coeurlozere.com\/les-fleurs\/wp-json\/wp\/v2\/product\/2789","targetHints":{"allow":["GET"]}}],"collection":[{"href":"https:\/\/www.coeurlozere.com\/les-fleurs\/wp-json\/wp\/v2\/product"}],"about":[{"href":"https:\/\/www.coeurlozere.com\/les-fleurs\/wp-json\/wp\/v2\/types\/product"}],"wp:featuredmedia":[{"embeddable":true,"href":"https:\/\/www.coeurlozere.com\/les-fleurs\/wp-json\/wp\/v2\/media\/2793"}],"wp:attachment":[{"href":"https:\/\/www.coeurlozere.com\/les-fleurs\/wp-json\/wp\/v2\/media?parent=2789"}],"wp:term":[{"taxonomy":"product_brand","embeddable":true,"href":"https:\/\/www.coeurlozere.com\/les-fleurs\/wp-json\/wp\/v2\/product_brand?post=2789"},{"taxonomy":"product_cat","embeddable":true,"href":"https:\/\/www.coeurlozere.com\/les-fleurs\/wp-json\/wp\/v2\/product_cat?post=2789"},{"taxonomy":"product_tag","embeddable":true,"href":"https:\/\/www.coeurlozere.com\/les-fleurs\/wp-json\/wp\/v2\/product_tag?post=2789"}],"curies":[{"name":"wp","href":"https:\/\/api.w.org\/{rel}","templated":true}]}}