{"id":2812,"date":"2021-11-04T09:50:33","date_gmt":"2021-11-04T08:50:33","guid":{"rendered":"https:\/\/www.coeurlozere.com\/les-fleurs\/?post_type=product&#038;p=2812"},"modified":"2021-11-04T09:52:19","modified_gmt":"2021-11-04T08:52:19","slug":"aloe-vera","status":"publish","type":"product","link":"https:\/\/www.coeurlozere.com\/les-fleurs\/produit\/aloe-vera\/","title":{"rendered":"Alo\u00eb Vera"},"content":{"rendered":"","protected":false},"excerpt":{"rendered":"<p style=\"text-align: justify;\">Plante \u00e0 vertus th\u00e9rapeutique sur certain point, originaire d&rsquo;Afrique et reconnu pour sa beaut\u00e9 en plus de son utilit\u00e9. Elle est en plus simple d&rsquo;entretien demandant seulement une bonne exposition lumineuse et pouvant atteindre les 120\u2009cm \u00e0 maturit\u00e9.<\/p>\n","protected":false},"featured_media":2813,"template":"","meta":[],"product_brand":[],"product_cat":[88],"product_tag":[],"class_list":{"0":"post-2812","1":"product","2":"type-product","3":"status-publish","4":"has-post-thumbnail","6":"product_cat-plantes","8":"first","9":"instock","10":"taxable","11":"shipping-taxable","12":"purchasable","13":"product-type-simple"},"_links":{"self":[{"href":"https:\/\/www.coeurlozere.com\/les-fleurs\/wp-json\/wp\/v2\/product\/2812","targetHints":{"allow":["GET"]}}],"collection":[{"href":"https:\/\/www.coeurlozere.com\/les-fleurs\/wp-json\/wp\/v2\/product"}],"about":[{"href":"https:\/\/www.coeurlozere.com\/les-fleurs\/wp-json\/wp\/v2\/types\/product"}],"wp:featuredmedia":[{"embeddable":true,"href":"https:\/\/www.coeurlozere.com\/les-fleurs\/wp-json\/wp\/v2\/media\/2813"}],"wp:attachment":[{"href":"https:\/\/www.coeurlozere.com\/les-fleurs\/wp-json\/wp\/v2\/media?parent=2812"}],"wp:term":[{"taxonomy":"product_brand","embeddable":true,"href":"https:\/\/www.coeurlozere.com\/les-fleurs\/wp-json\/wp\/v2\/product_brand?post=2812"},{"taxonomy":"product_cat","embeddable":true,"href":"https:\/\/www.coeurlozere.com\/les-fleurs\/wp-json\/wp\/v2\/product_cat?post=2812"},{"taxonomy":"product_tag","embeddable":true,"href":"https:\/\/www.coeurlozere.com\/les-fleurs\/wp-json\/wp\/v2\/product_tag?post=2812"}],"curies":[{"name":"wp","href":"https:\/\/api.w.org\/{rel}","templated":true}]}}