{"id":2823,"date":"2021-11-04T10:03:41","date_gmt":"2021-11-04T09:03:41","guid":{"rendered":"https:\/\/www.coeurlozere.com\/les-fleurs\/?post_type=product&#038;p=2823"},"modified":"2023-11-09T10:08:46","modified_gmt":"2023-11-09T09:08:46","slug":"rose-eternelle-rose-a-tige","status":"publish","type":"product","link":"https:\/\/www.coeurlozere.com\/les-fleurs\/produit\/rose-eternelle-rose-a-tige\/","title":{"rendered":"Rose \u00e9ternelle (rose \u00e0 tige)"},"content":{"rendered":"","protected":false},"excerpt":{"rendered":"<p style=\"text-align: justify;\">Symbole ultime du partage, suivant ce que vous souhaiter exprimer \u00e0 la personne concerner elle exprime la durabilit\u00e9 d&rsquo;une relation. Souvent pour les amoureux mais renseigner vous sur les couleurs chacune ne veut pas dire la m\u00eame chose. Tant qu&rsquo;elle est conserver dans un endroit sec et \u00e0 l&rsquo;abri elle peut rester la, paisible, plusieurs ann\u00e9es.<\/p>\n","protected":false},"featured_media":2831,"template":"","meta":[],"product_brand":[],"product_cat":[89],"product_tag":[],"class_list":{"0":"post-2823","1":"product","2":"type-product","3":"status-publish","4":"has-post-thumbnail","6":"product_cat-rose_eternelle","8":"first","9":"instock","10":"taxable","11":"shipping-taxable","12":"purchasable","13":"product-type-variable"},"_links":{"self":[{"href":"https:\/\/www.coeurlozere.com\/les-fleurs\/wp-json\/wp\/v2\/product\/2823","targetHints":{"allow":["GET"]}}],"collection":[{"href":"https:\/\/www.coeurlozere.com\/les-fleurs\/wp-json\/wp\/v2\/product"}],"about":[{"href":"https:\/\/www.coeurlozere.com\/les-fleurs\/wp-json\/wp\/v2\/types\/product"}],"wp:featuredmedia":[{"embeddable":true,"href":"https:\/\/www.coeurlozere.com\/les-fleurs\/wp-json\/wp\/v2\/media\/2831"}],"wp:attachment":[{"href":"https:\/\/www.coeurlozere.com\/les-fleurs\/wp-json\/wp\/v2\/media?parent=2823"}],"wp:term":[{"taxonomy":"product_brand","embeddable":true,"href":"https:\/\/www.coeurlozere.com\/les-fleurs\/wp-json\/wp\/v2\/product_brand?post=2823"},{"taxonomy":"product_cat","embeddable":true,"href":"https:\/\/www.coeurlozere.com\/les-fleurs\/wp-json\/wp\/v2\/product_cat?post=2823"},{"taxonomy":"product_tag","embeddable":true,"href":"https:\/\/www.coeurlozere.com\/les-fleurs\/wp-json\/wp\/v2\/product_tag?post=2823"}],"curies":[{"name":"wp","href":"https:\/\/api.w.org\/{rel}","templated":true}]}}