{"id":2856,"date":"2021-11-04T10:34:51","date_gmt":"2021-11-04T09:34:51","guid":{"rendered":"https:\/\/www.coeurlozere.com\/les-fleurs\/?post_type=product&#038;p=2856"},"modified":"2023-11-09T10:02:23","modified_gmt":"2023-11-09T09:02:23","slug":"composition-ou-arrangements-de-plantes-dexterieur","status":"publish","type":"product","link":"https:\/\/www.coeurlozere.com\/les-fleurs\/produit\/composition-ou-arrangements-de-plantes-dexterieur\/","title":{"rendered":"Composition ou Arrangements de plantes d&rsquo;ext\u00e9rieur"},"content":{"rendered":"","protected":false},"excerpt":{"rendered":"<p style=\"text-align: justify;\">Coloris aux choix.<\/p>\n<p class=\"info_taille\">*La taille moyenne correspond \u00e0 la photo pr\u00e9sent\u00e9e.<\/p>\n","protected":false},"featured_media":3032,"template":"","meta":[],"product_brand":[],"product_cat":[75,81],"product_tag":[],"class_list":{"0":"post-2856","1":"product","2":"type-product","3":"status-publish","4":"has-post-thumbnail","6":"product_cat-compositions","7":"product_cat-deuil","9":"first","10":"instock","11":"taxable","12":"shipping-taxable","13":"purchasable","14":"product-type-variable","15":"has-default-attributes"},"_links":{"self":[{"href":"https:\/\/www.coeurlozere.com\/les-fleurs\/wp-json\/wp\/v2\/product\/2856","targetHints":{"allow":["GET"]}}],"collection":[{"href":"https:\/\/www.coeurlozere.com\/les-fleurs\/wp-json\/wp\/v2\/product"}],"about":[{"href":"https:\/\/www.coeurlozere.com\/les-fleurs\/wp-json\/wp\/v2\/types\/product"}],"wp:featuredmedia":[{"embeddable":true,"href":"https:\/\/www.coeurlozere.com\/les-fleurs\/wp-json\/wp\/v2\/media\/3032"}],"wp:attachment":[{"href":"https:\/\/www.coeurlozere.com\/les-fleurs\/wp-json\/wp\/v2\/media?parent=2856"}],"wp:term":[{"taxonomy":"product_brand","embeddable":true,"href":"https:\/\/www.coeurlozere.com\/les-fleurs\/wp-json\/wp\/v2\/product_brand?post=2856"},{"taxonomy":"product_cat","embeddable":true,"href":"https:\/\/www.coeurlozere.com\/les-fleurs\/wp-json\/wp\/v2\/product_cat?post=2856"},{"taxonomy":"product_tag","embeddable":true,"href":"https:\/\/www.coeurlozere.com\/les-fleurs\/wp-json\/wp\/v2\/product_tag?post=2856"}],"curies":[{"name":"wp","href":"https:\/\/api.w.org\/{rel}","templated":true}]}}